{"id":27,"date":"2024-06-07T10:13:00","date_gmt":"2024-06-07T10:13:00","guid":{"rendered":"https:\/\/mistyrose-lark-626441.hostingersite.com\/?page_id=27"},"modified":"2025-09-17T07:02:08","modified_gmt":"2025-09-17T07:02:08","slug":"contact-us","status":"publish","type":"page","link":"https:\/\/law.stagingport.com\/es\/contact-us\/","title":{"rendered":"Contacto"},"content":{"rendered":"<body>\n\n\tCONTACTO\n\t<nav id=\"breadcrumbs\" aria-label=\"Breadcrumbs\"><a href=\"https:\/\/law.stagingport.com\/es\/\">Inicio<\/a> \u00bb Contact Us<\/nav>\n\t<h1>Programe una consulta gratuita con un<br>\n Business Lawyer in Nevada or California Today!<\/h1>\n\tRepresentaci\u00f3n Legal Estrat\u00e9gica de Conflictos para Resolver Negocios Complejos ?\n\t<p>Estamos aqu\u00ed para apoyar a su empresa con una s\u00f3lida orientaci\u00f3n jur\u00eddica adaptada a sus necesidades. Tanto si se enfrenta a un problema legal como si necesita asesoramiento o asistencia jur\u00eddica continua, solo tiene que rellenar el siguiente formulario.<\/p>\n\t\t\t<a href=\"#contact-form\" target=\"_self\">\n\t\t\t\t\t\t\tFormulario de contacto\n\t\t\t\t\t<\/a>\n\t\t\t<a href=\"#after-form-submission\" target=\"_self\">\n\t\t\t\t\t\t\tDespu\u00e9s de enviar el formulario\n\t\t\t\t\t<\/a>\n\t\t\t<a href=\"#disclaimer\" target=\"_self\">\n\t\t\t\t\t\t\tDescargo de responsabilidad\n\t\t\t\t\t<\/a>\n\t<h2>Formulario de contacto<\/h2>\n\t<p>Rellene el siguiente formulario y nuestro equipo le responder\u00e1 lo antes posible para ayudarle.<\/p>\n    <form id=\"wpforms-form-3640\" data-formid=\"3640\" method=\"post\" enctype=\"multipart\/form-data\" action=\"\/es\/?page_id=27&#038;fl_builder\" data-token=\"eae38e0ab7ad53ed9953cc9bf930e979\" data-token-time=\"1753273530\" data-trp-original-action=\"\/?page_id=27&amp;fl_builder\">Please enable JavaScript in your browser to complete this form.Please enable JavaScript in your browser to complete this form.<label for=\"wpforms-3640-field_1\">Nombre<\/label><input type=\"text\" id=\"wpforms-3640-field_1\" name=\"wpforms[fields][1]\" placeholder=\"Nombre\" aria-errormessage=\"wpforms-3640-field_1-error\"><label for=\"wpforms-3640-field_3\">Email Address *<\/label><input type=\"email\" id=\"wpforms-3640-field_3\" name=\"wpforms[fields][3]\" placeholder=\"Correo electr\u00f3nico\" spellcheck=\"false\" aria-errormessage=\"wpforms-3640-field_3-error\" required><label for=\"wpforms-3640-field_2\">N\u00famero de tel\u00e9fono<\/label><input type=\"text\" id=\"wpforms-3640-field_2\" name=\"wpforms[fields][2]\" placeholder=\"N\u00famero de tel\u00e9fono\" aria-errormessage=\"wpforms-3640-field_2-error\">\t\t\n\t\t\t<label for=\"wpforms-3640-field_6\">Name Message Email<\/label>\n\t\t\t<input type=\"text\" id=\"wpforms-3640-field_6\" name=\"wpforms[fields][6]\">\n\t\t<label for=\"wpforms-3640-field_4\">Nombre comercial<\/label><input type=\"text\" id=\"wpforms-3640-field_4\" name=\"wpforms[fields][4]\" placeholder=\"Nombre comercial\" aria-errormessage=\"wpforms-3640-field_4-error\"><label for=\"wpforms-3640-field_5\">Mensaje<\/label><textarea id=\"wpforms-3640-field_5\" name=\"wpforms[fields][5]\" placeholder=\"Mensaje\" aria-errormessage=\"wpforms-3640-field_5-error\"><\/textarea><!-- .wpforms-field-container --><input type=\"hidden\" name=\"wpforms[id]\" value=\"3640\">\t\t\t<input type=\"hidden\" name=\"wpforms[nonce]\" value=\"591b6a3fa4\">\n\t\t\t<input type=\"hidden\" name=\"page_title\" value=\"Contact Us\"><input type=\"hidden\" name=\"page_url\" value=\"https:\/\/law.stagingport.com\/?page_id=27&amp;fl_builder\"><input type=\"hidden\" name=\"url_referer\" value=\"\"><input type=\"hidden\" name=\"page_id\" value=\"27\"><input type=\"hidden\" name=\"wpforms[post_id]\" value=\"27\"><button type=\"submit\" name=\"wpforms[submit]\" id=\"wpforms-submit-3640\" data-alt-text=\"Sending...\" data-submit-text=\"Submit\" aria-live=\"assertive\" value=\"wpforms-submit\">Enviar<\/button><img loading=\"lazy\" decoding=\"async\" src=\"https:\/\/law.stagingport.com\/wp-content\/plugins\/wpforms-lite\/assets\/images\/submit-spin.svg\" width=\"26\" height=\"26\" alt=\"Loading\"><input type=\"hidden\" name=\"trp-form-language\" value=\"es\"\/><\/form>  <!-- .wpforms-container -->\n\t<h2>What Happens After You Submit the Form?<\/h2>\n<h4>\n\t\t\tPaso 1: Acuse de recibo de su consulta\t<\/h4>\n\t<p>Recibir\u00e1 un mensaje de confirmaci\u00f3n acusando recibo de su solicitud.<\/p>\n<h4>\n\t\t\tPaso 2: Revisi\u00f3n por nuestro equipo\t<\/h4>\n\t<p>Uno de nuestros experimentados abogados mercantiles revisar\u00e1 detenidamente los detalles de su mensaje para comprender las necesidades espec\u00edficas de su empresa.<\/p>\n<h4>\n\t\t\tPaso 3: Seguimiento inmediato\t<\/h4>\n\t<p>Nuestro equipo se pondr\u00e1 en contacto con usted para tratar su consulta y programar una cita, si procede.<\/p>\n<h4>\n\t\t\tPaso 4: Orientaci\u00f3n personalizada\t<\/h4>\n\t<p>Durante nuestra conversaci\u00f3n, le proporcionaremos informaci\u00f3n y le indicaremos los pr\u00f3ximos pasos adaptados a los objetivos y retos de su empresa.<\/p>\n\t<p>Tenga la seguridad de que sus datos se tratan con el m\u00e1ximo cuidado y est\u00e1n protegidos por nuestra estricta pol\u00edtica de privacidad.<\/p>\n<p><b>P\u00f3ngase en contacto con nosotros hoy mismo llam\u00e1ndonos o rellenando el formulario anterior y d\u00e9 el primer paso para garantizar la tranquilidad jur\u00eddica de su empresa.<\/b><\/p>\n<h2 id=\"disclaimer\">\n\t\t\tDescargo de responsabilidad\t<\/h2>\n\t<p><i>Por favor, tenga en cuenta que el uso de este formulario de contacto para comunicarse con nuestra firma o con cualquier abogado individual no establece una relaci\u00f3n abogado-cliente. La transmisi\u00f3n de informaci\u00f3n a trav\u00e9s de este formulario no constituye o crea una relaci\u00f3n abogado-cliente, y cualquier informaci\u00f3n enviada no ser\u00e1 tratada como privilegiada o confidencial a menos que y hasta que un Acuerdo de Retenci\u00f3n formal haya sido ejecutado entre usted y AbogadoDeNegocios.com relaci\u00f3n abogado-cliente s\u00f3lo se forma una vez que ambas partes han acordado mutuamente la representaci\u00f3n por escrito. Hasta que dicho acuerdo no est\u00e9 en vigor, no podemos garantizar la confidencialidad de cualquier informaci\u00f3n enviada a trav\u00e9s de este formulario. Por favor, abst\u00e9ngase de enviar informaci\u00f3n sensible, confidencial o sensible al tiempo hasta que dicha relaci\u00f3n se haya establecido.<\/i><\/p>\n\n<\/body>","protected":false},"excerpt":{"rendered":"<p>CONTACT US Home \u00bb Contact Us Schedule a Free Consultation With A Business Lawyer in Nevada or California Today! Strategic Legal Representation Conflicts for Resolving Complex Business ? We\u2019re here to support your business with strong legal guidance tailored to your needs. Whether you\u2019re facing a legal challenge, need advice, or are seeking ongoing legal&hellip;<\/p>","protected":false},"author":2,"featured_media":0,"parent":0,"menu_order":0,"comment_status":"closed","ping_status":"closed","template":"","meta":{"nf_dc_page":"","footnotes":""},"class_list":["post-27","page","type-page","status-publish","hentry"],"yoast_head":"<!-- This site is optimized with the Yoast SEO plugin v25.9 - https:\/\/yoast.com\/wordpress\/plugins\/seo\/ -->\n<title>BestBusinessLawyer.com | Contact Us (Free Consultation)<\/title>\n<meta name=\"description\" content=\"Call or fill out our Contact Form to connect with business lawyers in Nevada &amp; California. Tailored legal guidance for business success. Start today!\" \/>\n<meta name=\"robots\" content=\"noindex, follow, max-snippet:-1, max-image-preview:large, max-video-preview:-1\" \/>\n<meta property=\"og:locale\" content=\"es_ES\" \/>\n<meta property=\"og:type\" content=\"article\" \/>\n<meta property=\"og:title\" content=\"BestBusinessLawyer.com | Contact Us (Free Consultation)\" \/>\n<meta property=\"og:description\" content=\"Call or fill out our Contact Form to connect with business lawyers in Nevada &amp; California. Tailored legal guidance for business success. Start today!\" \/>\n<meta property=\"og:url\" content=\"https:\/\/law.stagingport.com\/es\/contact-us\/\" \/>\n<meta property=\"og:site_name\" content=\"Best Business Lawyer\" \/>\n<meta property=\"article:modified_time\" content=\"2025-09-17T07:02:08+00:00\" \/>\n<meta property=\"og:image\" content=\"https:\/\/law.stagingport.com\/wp-content\/plugins\/wpforms-lite\/assets\/images\/submit-spin.svg\" \/>\n<meta name=\"twitter:card\" content=\"summary_large_image\" \/>\n<meta name=\"twitter:label1\" content=\"Tiempo de lectura\" \/>\n\t<meta name=\"twitter:data1\" content=\"2 minutos\" \/>\n<script type=\"application\/ld+json\" class=\"yoast-schema-graph\">{\"@context\":\"https:\/\/schema.org\",\"@graph\":[{\"@type\":\"WebPage\",\"@id\":\"https:\/\/law.stagingport.com\/contact-us\/\",\"url\":\"https:\/\/law.stagingport.com\/contact-us\/\",\"name\":\"BestBusinessLawyer.com | Contact Us (Free Consultation)\",\"isPartOf\":{\"@id\":\"https:\/\/mistyrose-lark-626441.hostingersite.com\/#website\"},\"primaryImageOfPage\":{\"@id\":\"https:\/\/law.stagingport.com\/contact-us\/#primaryimage\"},\"image\":{\"@id\":\"https:\/\/law.stagingport.com\/contact-us\/#primaryimage\"},\"thumbnailUrl\":\"https:\/\/law.stagingport.com\/wp-content\/plugins\/wpforms-lite\/assets\/images\/submit-spin.svg\",\"datePublished\":\"2024-06-07T10:13:00+00:00\",\"dateModified\":\"2025-09-17T07:02:08+00:00\",\"description\":\"Call or fill out our Contact Form to connect with business lawyers in Nevada & California. Tailored legal guidance for business success. Start today!\",\"breadcrumb\":{\"@id\":\"https:\/\/law.stagingport.com\/contact-us\/#breadcrumb\"},\"inLanguage\":\"es\",\"potentialAction\":[{\"@type\":\"ReadAction\",\"target\":[\"https:\/\/law.stagingport.com\/contact-us\/\"]}]},{\"@type\":\"ImageObject\",\"inLanguage\":\"es\",\"@id\":\"https:\/\/law.stagingport.com\/contact-us\/#primaryimage\",\"url\":\"https:\/\/law.stagingport.com\/wp-content\/plugins\/wpforms-lite\/assets\/images\/submit-spin.svg\",\"contentUrl\":\"https:\/\/law.stagingport.com\/wp-content\/plugins\/wpforms-lite\/assets\/images\/submit-spin.svg\"},{\"@type\":\"BreadcrumbList\",\"@id\":\"https:\/\/law.stagingport.com\/contact-us\/#breadcrumb\",\"itemListElement\":[{\"@type\":\"ListItem\",\"position\":1,\"name\":\"Home\",\"item\":\"https:\/\/law.stagingport.com\/\"},{\"@type\":\"ListItem\",\"position\":2,\"name\":\"Contact Us\"}]},{\"@type\":\"WebSite\",\"@id\":\"https:\/\/mistyrose-lark-626441.hostingersite.com\/#website\",\"url\":\"https:\/\/mistyrose-lark-626441.hostingersite.com\/\",\"name\":\"BestHOALawyer\",\"description\":\"\",\"publisher\":{\"@id\":\"https:\/\/mistyrose-lark-626441.hostingersite.com\/#organization\"},\"potentialAction\":[{\"@type\":\"SearchAction\",\"target\":{\"@type\":\"EntryPoint\",\"urlTemplate\":\"https:\/\/mistyrose-lark-626441.hostingersite.com\/?s={search_term_string}\"},\"query-input\":{\"@type\":\"PropertyValueSpecification\",\"valueRequired\":true,\"valueName\":\"search_term_string\"}}],\"inLanguage\":\"es\"},{\"@type\":\"Organization\",\"@id\":\"https:\/\/mistyrose-lark-626441.hostingersite.com\/#organization\",\"name\":\"BestHOALawyer\",\"url\":\"https:\/\/mistyrose-lark-626441.hostingersite.com\/\",\"logo\":{\"@type\":\"ImageObject\",\"inLanguage\":\"es\",\"@id\":\"https:\/\/mistyrose-lark-626441.hostingersite.com\/#\/schema\/logo\/image\/\",\"url\":\"https:\/\/mistyrose-lark-626441.hostingersite.com\/wp-content\/uploads\/2024\/07\/cropped-bestHOALawyer-favicon-img-1.webp\",\"contentUrl\":\"https:\/\/mistyrose-lark-626441.hostingersite.com\/wp-content\/uploads\/2024\/07\/cropped-bestHOALawyer-favicon-img-1.webp\",\"width\":512,\"height\":512,\"caption\":\"BestHOALawyer\"},\"image\":{\"@id\":\"https:\/\/mistyrose-lark-626441.hostingersite.com\/#\/schema\/logo\/image\/\"}}]}<\/script>\n<!-- \/ Yoast SEO plugin. -->","yoast_head_json":{"title":"BestBusinessLawyer.com | Contact Us (Free Consultation)","description":"Call or fill out our Contact Form to connect with business lawyers in Nevada & California. Tailored legal guidance for business success. Start today!","robots":{"index":"noindex","follow":"follow","max-snippet":"max-snippet:-1","max-image-preview":"max-image-preview:large","max-video-preview":"max-video-preview:-1"},"og_locale":"es_ES","og_type":"article","og_title":"BestBusinessLawyer.com | Contact Us (Free Consultation)","og_description":"Call or fill out our Contact Form to connect with business lawyers in Nevada & California. Tailored legal guidance for business success. Start today!","og_url":"https:\/\/law.stagingport.com\/es\/contact-us\/","og_site_name":"Best Business Lawyer","article_modified_time":"2025-09-17T07:02:08+00:00","og_image":[{"url":"https:\/\/law.stagingport.com\/wp-content\/plugins\/wpforms-lite\/assets\/images\/submit-spin.svg","type":"","width":"","height":""}],"twitter_card":"summary_large_image","twitter_misc":{"Tiempo de lectura":"2 minutos"},"schema":{"@context":"https:\/\/schema.org","@graph":[{"@type":"WebPage","@id":"https:\/\/law.stagingport.com\/contact-us\/","url":"https:\/\/law.stagingport.com\/contact-us\/","name":"BestBusinessLawyer.com | Contact Us (Free Consultation)","isPartOf":{"@id":"https:\/\/mistyrose-lark-626441.hostingersite.com\/#website"},"primaryImageOfPage":{"@id":"https:\/\/law.stagingport.com\/contact-us\/#primaryimage"},"image":{"@id":"https:\/\/law.stagingport.com\/contact-us\/#primaryimage"},"thumbnailUrl":"https:\/\/law.stagingport.com\/wp-content\/plugins\/wpforms-lite\/assets\/images\/submit-spin.svg","datePublished":"2024-06-07T10:13:00+00:00","dateModified":"2025-09-17T07:02:08+00:00","description":"Call or fill out our Contact Form to connect with business lawyers in Nevada & California. Tailored legal guidance for business success. Start today!","breadcrumb":{"@id":"https:\/\/law.stagingport.com\/contact-us\/#breadcrumb"},"inLanguage":"es","potentialAction":[{"@type":"ReadAction","target":["https:\/\/law.stagingport.com\/contact-us\/"]}]},{"@type":"ImageObject","inLanguage":"es","@id":"https:\/\/law.stagingport.com\/contact-us\/#primaryimage","url":"https:\/\/law.stagingport.com\/wp-content\/plugins\/wpforms-lite\/assets\/images\/submit-spin.svg","contentUrl":"https:\/\/law.stagingport.com\/wp-content\/plugins\/wpforms-lite\/assets\/images\/submit-spin.svg"},{"@type":"BreadcrumbList","@id":"https:\/\/law.stagingport.com\/contact-us\/#breadcrumb","itemListElement":[{"@type":"ListItem","position":1,"name":"Home","item":"https:\/\/law.stagingport.com\/"},{"@type":"ListItem","position":2,"name":"Contact Us"}]},{"@type":"WebSite","@id":"https:\/\/mistyrose-lark-626441.hostingersite.com\/#website","url":"https:\/\/mistyrose-lark-626441.hostingersite.com\/","name":"BestHOALawyer","description":"","publisher":{"@id":"https:\/\/mistyrose-lark-626441.hostingersite.com\/#organization"},"potentialAction":[{"@type":"SearchAction","target":{"@type":"EntryPoint","urlTemplate":"https:\/\/mistyrose-lark-626441.hostingersite.com\/?s={search_term_string}"},"query-input":{"@type":"PropertyValueSpecification","valueRequired":true,"valueName":"search_term_string"}}],"inLanguage":"es"},{"@type":"Organization","@id":"https:\/\/mistyrose-lark-626441.hostingersite.com\/#organization","name":"BestHOALawyer","url":"https:\/\/mistyrose-lark-626441.hostingersite.com\/","logo":{"@type":"ImageObject","inLanguage":"es","@id":"https:\/\/mistyrose-lark-626441.hostingersite.com\/#\/schema\/logo\/image\/","url":"https:\/\/mistyrose-lark-626441.hostingersite.com\/wp-content\/uploads\/2024\/07\/cropped-bestHOALawyer-favicon-img-1.webp","contentUrl":"https:\/\/mistyrose-lark-626441.hostingersite.com\/wp-content\/uploads\/2024\/07\/cropped-bestHOALawyer-favicon-img-1.webp","width":512,"height":512,"caption":"BestHOALawyer"},"image":{"@id":"https:\/\/mistyrose-lark-626441.hostingersite.com\/#\/schema\/logo\/image\/"}}]}},"_links":{"self":[{"href":"https:\/\/law.stagingport.com\/es\/wp-json\/wp\/v2\/pages\/27","targetHints":{"allow":["GET"]}}],"collection":[{"href":"https:\/\/law.stagingport.com\/es\/wp-json\/wp\/v2\/pages"}],"about":[{"href":"https:\/\/law.stagingport.com\/es\/wp-json\/wp\/v2\/types\/page"}],"author":[{"embeddable":true,"href":"https:\/\/law.stagingport.com\/es\/wp-json\/wp\/v2\/users\/2"}],"replies":[{"embeddable":true,"href":"https:\/\/law.stagingport.com\/es\/wp-json\/wp\/v2\/comments?post=27"}],"version-history":[{"count":15,"href":"https:\/\/law.stagingport.com\/es\/wp-json\/wp\/v2\/pages\/27\/revisions"}],"predecessor-version":[{"id":4458,"href":"https:\/\/law.stagingport.com\/es\/wp-json\/wp\/v2\/pages\/27\/revisions\/4458"}],"wp:attachment":[{"href":"https:\/\/law.stagingport.com\/es\/wp-json\/wp\/v2\/media?parent=27"}],"curies":[{"name":"wp","href":"https:\/\/api.w.org\/{rel}","templated":true}]}}