{"id":555,"date":"2024-06-19T08:56:39","date_gmt":"2024-06-19T08:56:39","guid":{"rendered":"https:\/\/mistyrose-lark-626441.hostingersite.com\/?page_id=555"},"modified":"2025-09-17T07:02:08","modified_gmt":"2025-09-17T07:02:08","slug":"practice-areas","status":"publish","type":"page","link":"https:\/\/law.stagingport.com\/es\/practice-areas\/","title":{"rendered":"\u00c1reas de Pr\u00e1ctica"},"content":{"rendered":"<body>\n\n\t\u00c1reas de Pr\u00e1ctica\n\t<nav id=\"breadcrumbs\" aria-label=\"Breadcrumbs\"><a href=\"https:\/\/law.stagingport.com\/es\/\">Inicio<\/a> \u00bb Practice Areas<\/nav>\n\t<h1 class=\"translation-block\">Servicios Jur\u00eddicos de  Negocios<br>\nen <span style=\"color: #ba9375\">Nevada y California<\/span><\/h1>\n\tSoluciones legales inteligentes para el \u00e9xito de su negocio - \u00a1Comience hoy mismo!\n\t<p>When it comes to protecting your business, having skilled legal support is not just an option-it\u2019s a necessity.<\/p>\n\t\t\t<a href=\"#overview\" target=\"_self\">\n\t\t\t\t\t\t\tVisi\u00f3n General\n\t\t\t\t\t<\/a>\n\t\t\t<a href=\"#services\" target=\"_self\">\n\t\t\t\t\t\t\tServicios\n\t\t\t\t\t<\/a>\n\t\t\t<a href=\"#schedule-free-consultation\" target=\"_self\">\n\t\t\t\t\t\t\tProgramar Consulta Gratuita\n\t\t\t\t\t<\/a>\n\t<p class=\"translation-block\"><a href=\"http:\/\/AbogadoDeNegocios.com\" target=\"_self\">AbogadoDeNegocios.com,<\/a> Durante a\u00f1os, se ha posicionado como uno de los proveedores m\u00e1s confiables de servicios legales en derecho empresarial en Nevada y California, y con buenas razones:<\/p>\n\t\t<ul>\n\t\t\t\t\t<li>\n\t\t\t\t\n\t\t<p>Contamos con abogados experimentados y dedicados que se especializan en diversas \u00e1reas del derecho empresarial, desde la negociaci\u00f3n de contratos y contratos laborales hasta la protecci\u00f3n de la propiedad intelectual y los litigios.<\/p>\t\t\t\n\t\t\t<\/li>\n\t\t\t\t\t<li>\n\t\t\t\t\n\t\t<p>Nuestros abogados tienen una amplia experiencia trabajando con empresas de todos los tama\u00f1os, desde nuevas empresas hasta grandes corporaciones. Esto significa que entendemos los desaf\u00edos \u00fanicos que enfrentan los diferentes tipos de empresas y podemos proporcionar servicios legales a medida para satisfacer sus necesidades espec\u00edficas.<\/p>\t\t\t\n\t\t\t<\/li>\n\t\t\t\t\t<li>\n\t\t\t\t\n\t\t<p>Nos mantenemos actualizados sobre las leyes y reglamentos en constante cambio que afectan a las empresas en Nevada y California. Esto nos permite proporcionar asesoramiento legal informado y ayudar a nuestros clientes a navegar por cualquier obst\u00e1culo legal potencial que puedan enfrentar.<\/p>\t\t\t\n\t\t\t<\/li>\n\t\t\t\t<\/ul>\n\t<p>Tanto si se trata de una empresa consolidada como de una nueva empresa en crecimiento, nuestros abogados mercantiles est\u00e1n preparados para ofrecer soluciones legales proactivas y centradas en el cliente, dise\u00f1adas para salvaguardar sus intereses y preparar a su empresa para el \u00e9xito a largo plazo.<\/p>\n<p>P\u00f3ngase en contacto con nosotros para programar una consulta gratuita en la que hablaremos de sus necesidades empresariales y de c\u00f3mo podemos ayudarle a alcanzar sus objetivos.<\/p>\n\t\t\t\t<img decoding=\"async\" src=\"https:\/\/mistyrose-lark-626441.hostingersite.com\/wp-content\/uploads\/2025\/06\/smart-legal-n.jpg\" alt=\"smart legal-n\" itemprop=\"image\" title=\"smart legal-n\" onerror=\"this.style.display='none'\" loading=\"lazy\">\n\t<h2>Innovative  Business Law Services for Success<\/h2>\n\t<p>AbogadoDeNegocios.com ofrece una amplia gama de servicios legales corporativos para satisfacer las necesidades \u00fanicas de cada cliente.<\/p>\n<p>Nuestro experto equipo de abogados mercantiles y de sociedades ofrece soluciones a medida que protegen sus intereses, garantizan el cumplimiento de la normativa y apoyan el crecimiento en todas las fases del ciclo de vida de su empresa.<\/p>\n<p>A continuaci\u00f3n figuran algunos de nuestros principales servicios de Derecho mercantil:<\/p>\n\t\t\t\t<img decoding=\"async\" src=\"https:\/\/mistyrose-lark-626441.hostingersite.com\/wp-content\/uploads\/2025\/06\/purchasing-new-business.jpg\" alt=\"purchasing new business\" itemprop=\"image\" title=\"purchasing new business\" onerror=\"this.style.display='none'\" loading=\"lazy\">\n\t\t\t<a href=\"http:\/\/mistyrose-lark-626441.hostingersite.com\/practice-area\/business-litigation\/543\" target=\"_self\">\n\t\t\t\t\t\t<h4>Litigios Empresariales<\/h4>\t\t\t\t\t\n\t\t\t<p>Las disputas son inevitables en los negocios, pero nuestros expertos litigantes est\u00e1n aqu\u00ed para proteger sus intereses. Nos ocupamos con precisi\u00f3n y profesionalidad de casos de incumplimiento de contrato, conflictos societarios, reclamaciones por fraude, problemas de interferencia y cobros de facturas impagadas.<\/p>\t\t\n\t\t<\/a>\n\t\t\t<a href=\"https:\/\/law.stagingport.com\/es\/practice-areas\/business-litigation\/\" target=\"_self\">\n\t\t\t\t\t\t\tM\u00e1s informaci\u00f3n\n\t\t\t\t\t<\/a>\n\t\t\t\t<img decoding=\"async\" src=\"https:\/\/mistyrose-lark-626441.hostingersite.com\/wp-content\/uploads\/2024\/06\/Neighbor-Disputes.webp\" alt=\"Neighbor Disputes\" itemprop=\"image\" title=\"Neighbor Disputes\" onerror=\"this.style.display='none'\" loading=\"lazy\">\n\t\t\t<a href=\"https:\/\/mistyrose-lark-626441.hostingersite.com\/practice-area\/fee-disputes\/\" target=\"_self\">\n\t\t\t\t\t\t<h4>Resoluci\u00f3n alternativa de litigios<\/h4>\t\t\t\t\t\n\t\t\t<p>Cuando se prefiere la resoluci\u00f3n extrajudicial de conflictos, ofrecemos servicios de mediaci\u00f3n y arbitraje. Estos m\u00e9todos rentables y eficientes ayudan a resolver conflictos minimizando las interrupciones en su negocio.<\/p>\t\t\n\t\t<\/a>\n\t\t\t<a href=\"#\" target=\"_self\">\n\t\t\t\t\t\t\tM\u00e1s informaci\u00f3n\n\t\t\t\t\t<\/a>\n\t\t\t\t<img decoding=\"async\" src=\"https:\/\/mistyrose-lark-626441.hostingersite.com\/wp-content\/uploads\/2025\/06\/employee.jpg\" alt=\"employee\" itemprop=\"image\" title=\"employee\" onerror=\"this.style.display='none'\" loading=\"lazy\">\n\t\t\t<a href=\"https:\/\/mistyrose-lark-626441.hostingersite.com\/practice-area\/employment-law\/\" target=\"_self\">\n\t\t\t\t\t\t<h4>Derecho Laboral<\/h4>\t\t\t\t\t\n\t\t\t<p>Gestionar a los empleados exige navegar por normativas complejas. Le ayudamos a redactar los manuales de los empleados, garantizamos el cumplimiento de la normativa sobre salarios y horarios y le asesoramos en cuestiones de discriminaci\u00f3n. Desde los procesos de incorporaci\u00f3n y desvinculaci\u00f3n hasta el cumplimiento de la Ley WARN durante los despidos, nuestros servicios jur\u00eddicos corporativos mantienen a su empresa en l\u00ednea con la legislaci\u00f3n laboral.<\/p>\t\t\n\t\t<\/a>\n\t\t\t<a href=\"https:\/\/law.stagingport.com\/es\/practice-areas\/employment-law\/\" target=\"_self\">\n\t\t\t\t\t\t\tM\u00e1s informaci\u00f3n\n\t\t\t\t\t<\/a>\n\t\t\t\t<img decoding=\"async\" src=\"https:\/\/mistyrose-lark-626441.hostingersite.com\/wp-content\/uploads\/2025\/06\/contract-sign.jpg\" alt=\"contract sign\" itemprop=\"image\" title=\"contract sign\" onerror=\"this.style.display='none'\" loading=\"lazy\">\n\t\t\t<a href=\"https:\/\/mistyrose-lark-626441.hostingersite.com\/practice-area\/contract-drafting-review\/\" target=\"_self\">\n\t\t\t\t\t\t<h4>Redacci\u00f3n y Revisi\u00f3n de Contratos<\/h4>\t\t\t\t\t\n\t\t\t<p>Los contratos bien redactados constituyen la columna vertebral de las empresas de \u00e9xito. Nuestro bufete de abogados de Nevada y California crea y revisa contratos que son claros, aplicables y alineados con sus objetivos. Ya se trate de acuerdos de asociaci\u00f3n, acuerdos operativos y estatutos, acuerdos de compra y venta, acuerdos de servicios, acuerdos de no divulgaci\u00f3n y no competencia, acuerdos de empleo, acuerdos de servicios, contratos de proveedores o acuerdos de contratistas independientes, nos aseguramos de que cada detalle se aborde meticulosamente para mitigar los riesgos futuros.<\/p>\t\t\n\t\t<\/a>\n\t\t\t<a href=\"https:\/\/law.stagingport.com\/es\/practice-areas\/contract-drafting-review\/\" target=\"_self\">\n\t\t\t\t\t\t\tM\u00e1s informaci\u00f3n\n\t\t\t\t\t<\/a>\n\t\t\t\t<img decoding=\"async\" src=\"https:\/\/mistyrose-lark-626441.hostingersite.com\/wp-content\/uploads\/2025\/06\/bisuness-handshake.jpg\" alt=\"bisuness handshake\" itemprop=\"image\" title=\"bisuness handshake\" onerror=\"this.style.display='none'\" loading=\"lazy\">\n\t\t\t<a href=\"https:\/\/mistyrose-lark-626441.hostingersite.com\/practice-area\/contract-drafting-review\/\" target=\"_self\">\n\t\t\t\t\t\t<h4>Formaci\u00f3n de Empresas<\/h4>\t\t\t\t\t\n\t\t\t<p>Crear una empresa implica tomar decisiones cruciales. Nuestros expertos ayudan a seleccionar la estructura de entidad adecuada (SRL, sociedades o asociaciones), a redactar documentos legales como acuerdos operativos y a gestionar solicitudes de EIN, licencias y cumplimientos de normativas para garantizar una base s\u00f3lida y conforme a la normativa.<\/p>\n\t\t<\/a>\n\t\t\t<a href=\"https:\/\/law.stagingport.com\/es\/practice-areas\/business-formation\/\" target=\"_self\">\n\t\t\t\t\t\t\tM\u00e1s informaci\u00f3n\n\t\t\t\t\t<\/a>\n\t\t\t\t<img decoding=\"async\" src=\"https:\/\/mistyrose-lark-626441.hostingersite.com\/wp-content\/uploads\/2025\/06\/real-estate-properties-selling-buying-laws.jpg\" alt=\"real estate properties selling buying laws\" itemprop=\"image\" title=\"real estate properties selling buying laws\" onerror=\"this.style.display='none'\" loading=\"lazy\">\n\t\t\t<a href=\"https:\/\/mistyrose-lark-626441.hostingersite.com\/practice-area\/real-estate-leasing\/\" target=\"_self\">\n\t\t\t\t\t\t<h4>Inmobiliario y Arrendamiento<\/h4>\t\t\t\t\t\n\t\t\t<p>Los bienes inmuebles son un elemento clave de las operaciones empresariales. Revisamos, auditamos y negociamos contratos de arrendamiento para garantizar condiciones favorables. Nuestro equipo tambi\u00e9n se ocupa de estrategias de salida, subarrendamientos y recursos por impago para proteger sus inversiones.<\/p>\t\t\n\t\t<\/a>\n\t\t\t<a href=\"https:\/\/law.stagingport.com\/es\/practice-areas\/real-estate-leasing\/\" target=\"_self\">\n\t\t\t\t\t\t\tM\u00e1s informaci\u00f3n\n\t\t\t\t\t<\/a>\n\t\t\t\t<img decoding=\"async\" src=\"https:\/\/mistyrose-lark-626441.hostingersite.com\/wp-content\/uploads\/2025\/06\/buy-new-Franchise.jpg\" alt=\"buy new Franchise\" itemprop=\"image\" title=\"buy new Franchise\" onerror=\"this.style.display='none'\" loading=\"lazy\">\n\t\t\t<a href=\"http:\/\/mistyrose-lark-626441.hostingersite.com\/practice-area\/buying-selling-a-business\/\" target=\"_self\">\n\t\t\t\t\t\t<h4>Compra y Venta de Empresas<\/h4>\t\t\t\t\t\n\t\t\t<p>La compra o venta de una empresa implica una compleja labor jur\u00eddica. Nuestros abogados mercantiles le ayudar\u00e1n a redactar contratos de compraventa, llevar a cabo diligencias debidas, gestionar ventas de activos o acciones y planificar sucesiones empresariales sin fisuras.<\/p>\t\t\n\t\t<\/a>\n\t\t\t<a href=\"https:\/\/law.stagingport.com\/es\/practice-areas\/buying-selling-a-business\/\" target=\"_self\">\n\t\t\t\t\t\t\tM\u00e1s informaci\u00f3n\n\t\t\t\t\t<\/a>\n\t\t\t\t<img decoding=\"async\" src=\"https:\/\/mistyrose-lark-626441.hostingersite.com\/wp-content\/uploads\/2025\/06\/Outside-Counsel.jpg\" alt=\"Outside Counsel\" itemprop=\"image\" title=\"Outside Counsel\" onerror=\"this.style.display='none'\" loading=\"lazy\">\n\t\t\t<a href=\"https:\/\/mistyrose-lark-626441.hostingersite.com\/practice-area\/outside-general-counsel\/\" target=\"_self\">\n\t\t\t\t\t\t<h4>Servicios de Asesor\u00eda Jur\u00eddica Externa<\/h4>\t\t\t\t\t\n\t\t\t<p>Nuestros servicios de asesoramiento general externo ayudan a las empresas que necesitan asesoramiento jur\u00eddico continuo pero no disponen de los recursos o la necesidad de un abogado interno a tiempo completo. Proporcionamos asesoramiento jur\u00eddico y apoyo en una amplia gama de asuntos, incluidos contratos, asuntos laborales, protecci\u00f3n de la propiedad intelectual y gesti\u00f3n de riesgos.<\/p>\t\t\n\t\t<\/a>\n\t\t\t<a href=\"https:\/\/law.stagingport.com\/es\/practice-areas\/outside-general-counsel\/\" target=\"_self\">\n\t\t\t\t\t\t\tM\u00e1s informaci\u00f3n\n\t\t\t\t\t<\/a>\n\t\t\t\t<img decoding=\"async\" src=\"https:\/\/mistyrose-lark-626441.hostingersite.com\/wp-content\/uploads\/2025\/06\/appling-for-license.jpg\" alt=\"appling for license\" itemprop=\"image\" title=\"appling for license\" onerror=\"this.style.display='none'\" loading=\"lazy\">\n\t\t\t<a href=\"https:\/\/mistyrose-lark-626441.hostingersite.com\/practice-area\/licenses-permits\/\" target=\"_self\">\n\t\t\t\t\t\t<h4>Licencias y Permisos<\/h4>\t\t\t\t\t\n\t\t\t<p>Ayudamos a las empresas a obtener y mantener las licencias y permisos necesarios para operar. Tanto si se trata de licencias comerciales estatales y locales como de permisos especializados para sectores como la hosteler\u00eda, la tecnolog\u00eda o la sanidad, nuestros abogados de empresa garantizan el cumplimiento de la normativa.<\/p>\t\t\n\t\t<\/a>\n\t\t\t<a href=\"https:\/\/law.stagingport.com\/es\/practice-areas\/licenses-permits\/\" target=\"_self\">\n\t\t\t\t\t\t\tM\u00e1s informaci\u00f3n\n\t\t\t\t\t<\/a>\n\t\t\t\t<img decoding=\"async\" src=\"https:\/\/mistyrose-lark-626441.hostingersite.com\/wp-content\/uploads\/2025\/06\/trademark-protection.jpg\" alt=\"trademark protection\" itemprop=\"image\" title=\"trademark protection\" onerror=\"this.style.display='none'\" loading=\"lazy\">\n\t\t\t<a href=\"https:\/\/mistyrose-lark-626441.hostingersite.com\/practice-area\/intellectual-property\/\" target=\"_self\">\n\t\t\t\t\t\t<h4>Protecci\u00f3n a la Propiedad Intelectual<\/h4>\t\t\t\t\t\n\t\t\t<p>Su propiedad intelectual es un activo valioso. Le ayudamos a registrar marcas, derechos de autor y a crear pol\u00edticas de protecci\u00f3n de secretos comerciales, as\u00ed como a defenderse frente a reclamaciones por infracci\u00f3n, para que su empresa mantenga su ventaja competitiva.<\/p>\t\t\n\t\t<\/a>\n\t\t\t<a href=\"https:\/\/law.stagingport.com\/es\/practice-areas\/intellectual-property\/\" target=\"_self\">\n\t\t\t\t\t\t\tM\u00e1s informaci\u00f3n\n\t\t\t\t\t<\/a>\n\t\t\t\t<img decoding=\"async\" src=\"https:\/\/mistyrose-lark-626441.hostingersite.com\/wp-content\/uploads\/2025\/06\/Franchise.jpg\" alt=\"Franchise\" itemprop=\"image\" title=\"Franchise\" onerror=\"this.style.display='none'\" loading=\"lazy\">\n\t\t\t<a href=\"https:\/\/mistyrose-lark-626441.hostingersite.com\/practice-area\/franchise-law\/\" target=\"_self\">\n\t\t\t\t\t\t<h4>Derecho de Franquicia<\/h4>\t\t\t\t\t\n\t\t\t<p>Las franquicias pueden ampliar o diversificar su negocio, pero requieren una cuidadosa supervisi\u00f3n legal. Revisamos los acuerdos de franquicia, garantizamos el cumplimiento de los documentos de divulgaci\u00f3n de franquicias y le guiamos en la compra o venta de franquicias con claridad y confianza.<\/p>\t\t\n\t\t<\/a>\n\t\t\t<a href=\"https:\/\/law.stagingport.com\/es\/practice-areas\/franchise-law\/\" target=\"_self\">\n\t\t\t\t\t\t\tM\u00e1s informaci\u00f3n\n\t\t\t\t\t<\/a>\n\t<h2>Start With  a Free Consultation<\/h2>\n\t<p>AbogadoDeNegocios.com est\u00e1 listo para proporcionar servicios legales corporativos personalizados y eficaces que abordan los desaf\u00edos y oportunidades \u00fanicas de su negocio. Ya sea que est\u00e9 redactando contratos, resolviendo disputas o planificando el crecimiento futuro, nuestros abogados de negocios dedicados lo apoyar\u00e1n en cada paso del camino.<\/p>\n\t\t\t<a href=\"#open-my-modal\" target=\"_self\">\n\t\t\t\t\t\t\tProgramar Consulta Gratuita\n\t\t\t\t\t<\/a>\n\n<\/body>","protected":false},"excerpt":{"rendered":"<p>Practice Areas Home \u00bb Practice Areas Nevada and California Business Law Services Smart Legal Solutions for Your Business Success \u2013 Get Started Today! When it comes to protecting your business, having skilled legal support is not just an option-it\u2019s a necessity. Overview Services Schedule Free Consultation BestBusinessLawyer.com has, for years now, topped the league as&hellip;<\/p>","protected":false},"author":2,"featured_media":0,"parent":0,"menu_order":0,"comment_status":"closed","ping_status":"closed","template":"","meta":{"nf_dc_page":"","footnotes":""},"class_list":["post-555","page","type-page","status-publish","hentry"],"yoast_head":"<!-- This site is optimized with the Yoast SEO plugin v25.9 - https:\/\/yoast.com\/wordpress\/plugins\/seo\/ -->\n<title>NV &amp; CA Business Law Services | BestBusinessLawyer.com<\/title>\n<meta name=\"description\" content=\"Nevada &amp; California Business Lawyers offering expert corporate legal services to protect and grow your Company. Free Business Consultation Available!\" \/>\n<meta name=\"robots\" content=\"noindex, follow, max-snippet:-1, max-image-preview:large, max-video-preview:-1\" \/>\n<meta property=\"og:locale\" content=\"es_ES\" \/>\n<meta property=\"og:type\" content=\"article\" \/>\n<meta property=\"og:title\" content=\"NV &amp; CA Business Law Services | BestBusinessLawyer.com\" \/>\n<meta property=\"og:description\" content=\"Nevada &amp; California Business Lawyers offering expert corporate legal services to protect and grow your Company. Free Business Consultation Available!\" \/>\n<meta property=\"og:url\" content=\"https:\/\/law.stagingport.com\/es\/practice-areas\/\" \/>\n<meta property=\"og:site_name\" content=\"Best Business Lawyer\" \/>\n<meta property=\"article:modified_time\" content=\"2025-09-17T07:02:08+00:00\" \/>\n<meta property=\"og:image\" content=\"https:\/\/mistyrose-lark-626441.hostingersite.com\/wp-content\/uploads\/2025\/06\/smart-legal-n.jpg\" \/>\n<meta name=\"twitter:card\" content=\"summary_large_image\" \/>\n<meta name=\"twitter:label1\" content=\"Tiempo de lectura\" \/>\n\t<meta name=\"twitter:data1\" content=\"7 minutos\" \/>\n<script type=\"application\/ld+json\" class=\"yoast-schema-graph\">{\"@context\":\"https:\/\/schema.org\",\"@graph\":[{\"@type\":\"WebPage\",\"@id\":\"https:\/\/law.stagingport.com\/practice-areas\/\",\"url\":\"https:\/\/law.stagingport.com\/practice-areas\/\",\"name\":\"NV & CA Business Law Services | BestBusinessLawyer.com\",\"isPartOf\":{\"@id\":\"https:\/\/mistyrose-lark-626441.hostingersite.com\/#website\"},\"primaryImageOfPage\":{\"@id\":\"https:\/\/law.stagingport.com\/practice-areas\/#primaryimage\"},\"image\":{\"@id\":\"https:\/\/law.stagingport.com\/practice-areas\/#primaryimage\"},\"thumbnailUrl\":\"https:\/\/mistyrose-lark-626441.hostingersite.com\/wp-content\/uploads\/2025\/06\/smart-legal-n.jpg\",\"datePublished\":\"2024-06-19T08:56:39+00:00\",\"dateModified\":\"2025-09-17T07:02:08+00:00\",\"description\":\"Nevada & California Business Lawyers offering expert corporate legal services to protect and grow your Company. Free Business Consultation Available!\",\"breadcrumb\":{\"@id\":\"https:\/\/law.stagingport.com\/practice-areas\/#breadcrumb\"},\"inLanguage\":\"es\",\"potentialAction\":[{\"@type\":\"ReadAction\",\"target\":[\"https:\/\/law.stagingport.com\/practice-areas\/\"]}]},{\"@type\":\"ImageObject\",\"inLanguage\":\"es\",\"@id\":\"https:\/\/law.stagingport.com\/practice-areas\/#primaryimage\",\"url\":\"https:\/\/mistyrose-lark-626441.hostingersite.com\/wp-content\/uploads\/2025\/06\/smart-legal-n.jpg\",\"contentUrl\":\"https:\/\/mistyrose-lark-626441.hostingersite.com\/wp-content\/uploads\/2025\/06\/smart-legal-n.jpg\"},{\"@type\":\"BreadcrumbList\",\"@id\":\"https:\/\/law.stagingport.com\/practice-areas\/#breadcrumb\",\"itemListElement\":[{\"@type\":\"ListItem\",\"position\":1,\"name\":\"Home\",\"item\":\"https:\/\/law.stagingport.com\/\"},{\"@type\":\"ListItem\",\"position\":2,\"name\":\"Practice Areas\"}]},{\"@type\":\"WebSite\",\"@id\":\"https:\/\/mistyrose-lark-626441.hostingersite.com\/#website\",\"url\":\"https:\/\/mistyrose-lark-626441.hostingersite.com\/\",\"name\":\"BestHOALawyer\",\"description\":\"\",\"publisher\":{\"@id\":\"https:\/\/mistyrose-lark-626441.hostingersite.com\/#organization\"},\"potentialAction\":[{\"@type\":\"SearchAction\",\"target\":{\"@type\":\"EntryPoint\",\"urlTemplate\":\"https:\/\/mistyrose-lark-626441.hostingersite.com\/?s={search_term_string}\"},\"query-input\":{\"@type\":\"PropertyValueSpecification\",\"valueRequired\":true,\"valueName\":\"search_term_string\"}}],\"inLanguage\":\"es\"},{\"@type\":\"Organization\",\"@id\":\"https:\/\/mistyrose-lark-626441.hostingersite.com\/#organization\",\"name\":\"BestHOALawyer\",\"url\":\"https:\/\/mistyrose-lark-626441.hostingersite.com\/\",\"logo\":{\"@type\":\"ImageObject\",\"inLanguage\":\"es\",\"@id\":\"https:\/\/mistyrose-lark-626441.hostingersite.com\/#\/schema\/logo\/image\/\",\"url\":\"https:\/\/mistyrose-lark-626441.hostingersite.com\/wp-content\/uploads\/2024\/07\/cropped-bestHOALawyer-favicon-img-1.webp\",\"contentUrl\":\"https:\/\/mistyrose-lark-626441.hostingersite.com\/wp-content\/uploads\/2024\/07\/cropped-bestHOALawyer-favicon-img-1.webp\",\"width\":512,\"height\":512,\"caption\":\"BestHOALawyer\"},\"image\":{\"@id\":\"https:\/\/mistyrose-lark-626441.hostingersite.com\/#\/schema\/logo\/image\/\"}}]}<\/script>\n<!-- \/ Yoast SEO plugin. -->","yoast_head_json":{"title":"NV & CA Business Law Services | BestBusinessLawyer.com","description":"Nevada & California Business Lawyers offering expert corporate legal services to protect and grow your Company. Free Business Consultation Available!","robots":{"index":"noindex","follow":"follow","max-snippet":"max-snippet:-1","max-image-preview":"max-image-preview:large","max-video-preview":"max-video-preview:-1"},"og_locale":"es_ES","og_type":"article","og_title":"NV & CA Business Law Services | BestBusinessLawyer.com","og_description":"Nevada & California Business Lawyers offering expert corporate legal services to protect and grow your Company. Free Business Consultation Available!","og_url":"https:\/\/law.stagingport.com\/es\/practice-areas\/","og_site_name":"Best Business Lawyer","article_modified_time":"2025-09-17T07:02:08+00:00","og_image":[{"url":"https:\/\/mistyrose-lark-626441.hostingersite.com\/wp-content\/uploads\/2025\/06\/smart-legal-n.jpg","type":"","width":"","height":""}],"twitter_card":"summary_large_image","twitter_misc":{"Tiempo de lectura":"7 minutos"},"schema":{"@context":"https:\/\/schema.org","@graph":[{"@type":"WebPage","@id":"https:\/\/law.stagingport.com\/practice-areas\/","url":"https:\/\/law.stagingport.com\/practice-areas\/","name":"NV & CA Business Law Services | BestBusinessLawyer.com","isPartOf":{"@id":"https:\/\/mistyrose-lark-626441.hostingersite.com\/#website"},"primaryImageOfPage":{"@id":"https:\/\/law.stagingport.com\/practice-areas\/#primaryimage"},"image":{"@id":"https:\/\/law.stagingport.com\/practice-areas\/#primaryimage"},"thumbnailUrl":"https:\/\/mistyrose-lark-626441.hostingersite.com\/wp-content\/uploads\/2025\/06\/smart-legal-n.jpg","datePublished":"2024-06-19T08:56:39+00:00","dateModified":"2025-09-17T07:02:08+00:00","description":"Nevada & California Business Lawyers offering expert corporate legal services to protect and grow your Company. Free Business Consultation Available!","breadcrumb":{"@id":"https:\/\/law.stagingport.com\/practice-areas\/#breadcrumb"},"inLanguage":"es","potentialAction":[{"@type":"ReadAction","target":["https:\/\/law.stagingport.com\/practice-areas\/"]}]},{"@type":"ImageObject","inLanguage":"es","@id":"https:\/\/law.stagingport.com\/practice-areas\/#primaryimage","url":"https:\/\/mistyrose-lark-626441.hostingersite.com\/wp-content\/uploads\/2025\/06\/smart-legal-n.jpg","contentUrl":"https:\/\/mistyrose-lark-626441.hostingersite.com\/wp-content\/uploads\/2025\/06\/smart-legal-n.jpg"},{"@type":"BreadcrumbList","@id":"https:\/\/law.stagingport.com\/practice-areas\/#breadcrumb","itemListElement":[{"@type":"ListItem","position":1,"name":"Home","item":"https:\/\/law.stagingport.com\/"},{"@type":"ListItem","position":2,"name":"Practice Areas"}]},{"@type":"WebSite","@id":"https:\/\/mistyrose-lark-626441.hostingersite.com\/#website","url":"https:\/\/mistyrose-lark-626441.hostingersite.com\/","name":"BestHOALawyer","description":"","publisher":{"@id":"https:\/\/mistyrose-lark-626441.hostingersite.com\/#organization"},"potentialAction":[{"@type":"SearchAction","target":{"@type":"EntryPoint","urlTemplate":"https:\/\/mistyrose-lark-626441.hostingersite.com\/?s={search_term_string}"},"query-input":{"@type":"PropertyValueSpecification","valueRequired":true,"valueName":"search_term_string"}}],"inLanguage":"es"},{"@type":"Organization","@id":"https:\/\/mistyrose-lark-626441.hostingersite.com\/#organization","name":"BestHOALawyer","url":"https:\/\/mistyrose-lark-626441.hostingersite.com\/","logo":{"@type":"ImageObject","inLanguage":"es","@id":"https:\/\/mistyrose-lark-626441.hostingersite.com\/#\/schema\/logo\/image\/","url":"https:\/\/mistyrose-lark-626441.hostingersite.com\/wp-content\/uploads\/2024\/07\/cropped-bestHOALawyer-favicon-img-1.webp","contentUrl":"https:\/\/mistyrose-lark-626441.hostingersite.com\/wp-content\/uploads\/2024\/07\/cropped-bestHOALawyer-favicon-img-1.webp","width":512,"height":512,"caption":"BestHOALawyer"},"image":{"@id":"https:\/\/mistyrose-lark-626441.hostingersite.com\/#\/schema\/logo\/image\/"}}]}},"_links":{"self":[{"href":"https:\/\/law.stagingport.com\/es\/wp-json\/wp\/v2\/pages\/555","targetHints":{"allow":["GET"]}}],"collection":[{"href":"https:\/\/law.stagingport.com\/es\/wp-json\/wp\/v2\/pages"}],"about":[{"href":"https:\/\/law.stagingport.com\/es\/wp-json\/wp\/v2\/types\/page"}],"author":[{"embeddable":true,"href":"https:\/\/law.stagingport.com\/es\/wp-json\/wp\/v2\/users\/2"}],"replies":[{"embeddable":true,"href":"https:\/\/law.stagingport.com\/es\/wp-json\/wp\/v2\/comments?post=555"}],"version-history":[{"count":14,"href":"https:\/\/law.stagingport.com\/es\/wp-json\/wp\/v2\/pages\/555\/revisions"}],"predecessor-version":[{"id":4515,"href":"https:\/\/law.stagingport.com\/es\/wp-json\/wp\/v2\/pages\/555\/revisions\/4515"}],"wp:attachment":[{"href":"https:\/\/law.stagingport.com\/es\/wp-json\/wp\/v2\/media?parent=555"}],"curies":[{"name":"wp","href":"https:\/\/api.w.org\/{rel}","templated":true}]}}