{"id":824,"date":"2024-06-24T05:35:36","date_gmt":"2024-06-24T05:35:36","guid":{"rendered":"https:\/\/mistyrose-lark-626441.hostingersite.com\/?page_id=824"},"modified":"2025-09-17T07:02:08","modified_gmt":"2025-09-17T07:02:08","slug":"about-milan","status":"publish","type":"page","link":"https:\/\/law.stagingport.com\/es\/about-milan\/","title":{"rendered":"Sobre Milan"},"content":{"rendered":"<body>\n\n\t<p>Sobre nosotros<\/p>\n\t<nav id=\"breadcrumbs\" aria-label=\"Breadcrumbs\"><a href=\"https:\/\/law.stagingport.com\/es\/\">Inicio<\/a> \u00bb About Milan<\/nav>\n\t<h1>Sobre Milan<\/h1>\n\t<p>BestBusinessLawyer.com is a nationally recognized business law firm with deep roots in California and Nevada\u2019s business communities.<\/p>\n<p>We are dedicated to safeguarding our client businesses\u2019 legal foundations, minimizing risks, and supporting business growth with strategic guidance. Part of this commitment includes staying ahead of the constantly evolving legal landscape and anticipating potential issues that may arise for our clients.<\/p>\n<p>Estar\u00e1 representado por abogados altamente cualificados y experimentados especializados en derecho mercantil, incluidos litigios empresariales, derecho laboral, contratos, gobierno corporativo, transacciones y propiedad intelectual.<\/p>\n<p>Entendemos que cada negocio es \u00fanico y requiere soluciones legales personalizadas. Por ello, trabajamos en estrecha colaboraci\u00f3n con nuestros clientes para comprender sus necesidades espec\u00edficas y brindarles asesoramiento personalizado.<\/p>\n\t\t\t<a href=\"#meet-milan\" target=\"_self\">\n\t\t\t\t\t\t\tConozca a Milan\n\t\t\t\t\t<\/a>\n\t\t\t<a href=\"#practice-focuses\" target=\"_self\">\n\t\t\t\t\t\t\tNuestra Pr\u00e1ctica\n\t\t\t\t\t<\/a>\n\t\t\t<a href=\"#our-mission\" target=\"_self\">\n\t\t\t\t\t\t\tNuestra Misi\u00f3n\n\t\t\t\t\t<\/a>\n\t\t\t<a href=\"#our-values\" target=\"_self\">\n\t\t\t\t\t\t\tOur-Values\n\t\t\t\t\t<\/a>\n\t<h2>Meet  Milan Chatterjee<\/h2>\n<h3>\n\t\t\tEl abogado principal y fundador de AbogadoDeNegocios.com\t<\/h3>\n<h4>\n\t\t\tEstratega jur\u00eddico centrado en la empresa | Litigante experimentado | Asesor de confianza\t<\/h4>\n\t<p>At the helm of BestBusinessLawyer.com is Milan Chatterjee, a seasoned business attorney with a career built around helping businesses overcome legal challenges and thrive in competitive markets. Milan has spent years in the trenches \u2013 litigating complex business disputes, advising on employment law, negotiating critical contracts, and guiding companies through evolving regulatory, transactional, and compliance frameworks.<\/p>\n<p>Milan complet\u00f3 su formaci\u00f3n jur\u00eddica en la prestigiosa Facultad de Derecho de UCLA y ampli\u00f3 su experiencia acad\u00e9mica como estudiante visitante en la Facultad de Derecho de NYU.  Milan est\u00e1 licenciado en California, Nevada<b>, <\/b>and New York State.<\/p>\n<p>Tras sus estudios de Derecho, Milan perfeccion\u00f3 sus conocimientos en materia de litigios y asesoramiento en bufetes de abogados especializados en derecho laboral y mercantil reconocidos a escala nacional, donde represent\u00f3 a empresas de Fortune 500 y de tama\u00f1o medio en litigios de alto riesgo y les ayud\u00f3 a resolver cuestiones laborales y normativas cotidianas.<\/p>\n<p>Milan later brought his experience in-house, serving as Associate Compliance Counsel for Las Vegas Sands Corp., a Fortune 500 global corporation. In this role, Milan advised organizations in the U.S., Singapore, and Macau on compliance with anti-money laundering laws, employment policies, internal investigations, and corporate risk management \u2013 developing a nuanced, international perspective on business law.<\/p>\n<p>Hoy en d\u00eda, Milan sirve como un socio legal de confianza para los propietarios de negocios, ejecutivos y profesionales de recursos humanos a trav\u00e9s de California y Nevada.<\/p>\n\t\t\t\t<img decoding=\"async\" src=\"https:\/\/mistyrose-lark-626441.hostingersite.com\/wp-content\/uploads\/2025\/06\/milan-c-1.jpg\" alt=\"milan-c\" itemprop=\"image\" title=\"milan-c\" onerror=\"this.style.display='none'\" loading=\"lazy\">\n\t<h2 class=\"translation-block\">La Pr\u00e1ctica de Milan se centra en:<\/h2>\n\t\t<ul>\n\t\t\t\t\t<li>\n\t\t\t\t\t\t\t\t\t\t\t<img loading=\"lazy\" decoding=\"async\" src=\"https:\/\/law.stagingport.com\/wp-content\/uploads\/2024\/08\/partner.png\" alt=\"partner\" width=\"64\" height=\"64\">\n\t\t\t\t<h4>Litigios Empresariales<\/h4>\n\t\t<p>Defender y demandar a empresas en litigios contractuales, fraudes, rupturas de sociedades y otros conflictos de alto riesgo.<\/p>\t\t\t\n\t\t\t<\/li>\n\t\t\t\t<\/ul>\n\t\t<ul>\n\t\t\t\t\t<li>\n\t\t\t\t\t\t\t\t\t\t\t<img loading=\"lazy\" decoding=\"async\" src=\"https:\/\/law.stagingport.com\/wp-content\/uploads\/2024\/08\/discussion.png\" alt=\"discussion\" width=\"64\" height=\"64\">\n\t\t\t\t<h4>Derecho Laboral<\/h4>\n\t\t<p>Despidos improcedentes, cumplimiento de las normas sobre salarios y horas de trabajo, investigaciones en el lugar de trabajo y elaboraci\u00f3n de pol\u00edticas.<\/p>\t\t\t\n\t\t\t<\/li>\n\t\t\t\t<\/ul>\n\t\t<ul>\n\t\t\t\t\t<li>\n\t\t\t\t\t\t\t\t\t\t\t<img loading=\"lazy\" decoding=\"async\" src=\"https:\/\/law.stagingport.com\/wp-content\/uploads\/2024\/08\/law-enforcement.png\" alt=\"law-enforcement\" width=\"64\" height=\"64\">\n\t\t\t\t<h4>Derecho contractual <\/h4>\n\t\t<p>Redactar, revisar y negociar acuerdos comerciales que se ajusten a los objetivos empresariales y protejan de los riesgos.<\/p>\t\t\t\n\t\t\t<\/li>\n\t\t\t\t<\/ul>\n\t\t<ul>\n\t\t\t\t\t<li>\n\t\t\t\t\t\t\t\t\t\t\t<img loading=\"lazy\" decoding=\"async\" src=\"https:\/\/law.stagingport.com\/wp-content\/uploads\/2024\/08\/loan.png\" alt=\"loan\" width=\"64\" height=\"64\">\n\t\t\t\t<h4>Transacciones<\/h4>\n\t\t<p>Asesoramiento a clientes empresariales en la compra, venta y fusi\u00f3n de entidades empresariales.<\/p>\t\t\t\n\t\t\t<\/li>\n\t\t\t\t<\/ul>\n\t\t<ul>\n\t\t\t\t\t<li>\n\t\t\t\t\t\t\t\t\t\t\t<img loading=\"lazy\" decoding=\"async\" src=\"https:\/\/law.stagingport.com\/wp-content\/uploads\/2025\/06\/corporate-laws.png\" alt=\"corporate-laws\" width=\"128\" height=\"128\">\n\t\t\t\t<h4>Cumplimiento normativo y empresarial<\/h4>\n\t\t<p>Ayudamos a las empresas a cumplir los requisitos locales, federales e internacionales con estrategias de cumplimiento a medida.<\/p>\t\t\t\n\t\t\t<\/li>\n\t\t\t\t<\/ul>\n\t\t<ul>\n\t\t\t\t\t<li>\n\t\t\t\t\t\t\t\t\t\t\t<img loading=\"lazy\" decoding=\"async\" src=\"https:\/\/law.stagingport.com\/wp-content\/uploads\/2024\/08\/mediation.png\" alt=\"mediation\" width=\"64\" height=\"64\">\n\t\t\t\t<h4>Asesoramiento empresarial continuo <\/h4>\n\t\t<p>Actuar como abogado general externo para asesorar sobre operaciones cotidianas, mitigaci\u00f3n de riesgos y planificaci\u00f3n a largo plazo.<\/p>\t\t\t\n\t\t\t<\/li>\n\t\t\t\t<\/ul>\n\t<p>What sets Milan apart is his unique dual perspective-he\u2019s worked both as outside counsel at major law firms and as in-house counsel within a global enterprise. That experience allows him to deliver legal solutions that are not only technically sound but also practical, cost-effective, and business-driven.<\/p>\n\t<h3>Milan es tambi\u00e9n un l\u00edder activo en las comunidades jur\u00eddica y c\u00edvica. Su participaci\u00f3n incluye:<\/h3>\n\t\t<ul>\n\t\t\t\t\t<li>\n\t\t\t\t\n\t\t<p>Presidente fundador del Colegio de Abogados de Asia Meridional de Las Vegas<\/p>\t\t\t\n\t\t\t<\/li>\n\t\t\t\t<\/ul>\n\t\t<ul>\n\t\t\t\t\t<li>\n\t\t\t\t\n\t\t<p>Galardonado por la South Asian Bar Association of North America's <i>Premio Estrella Naciente<\/i> (2022)<\/p>\t\t\t\n\t\t\t<\/li>\n\t\t\t\t<\/ul>\n\t\t<ul>\n\t\t\t\t\t<li>\n\t\t\t\t\n\t\t<p>Presidente fundador de Nevada, Asociaci\u00f3n Americana de Abogados y Juristas Jud\u00edos<\/p>\t\t\t\n\t\t\t<\/li>\n\t\t\t\t<\/ul>\n\t\t<ul>\n\t\t\t\t\t<li>\n\t\t\t\t\n\t\t<p>Vicepresidente Regional, Asociaci\u00f3n Americana de Abogados y Juristas Jud\u00edos<\/p>\t\t\t\n\t\t\t<\/li>\n\t\t\t\t<\/ul>\n\t\t<ul>\n\t\t\t\t\t<li>\n\t\t\t\t\n\t\t<p>Secretaria de la Secci\u00f3n de Abogados J\u00f3venes del Colegio de Abogados del Estado de Nevada<\/p>\t\t\t\n\t\t\t<\/li>\n\t\t\t\t<\/ul>\n\t\t<ul>\n\t\t\t\t\t<li>\n\t\t\t\t\n\t\t<p>Miembro de la Comisi\u00f3n de Acceso a la Justicia del Tribunal Supremo de Nevada<\/p>\t\t\t\n\t\t\t<\/li>\n\t\t\t\t<\/ul>\n\t<h2 class=\"translation-block\">Nuestra misi\u00f3n<\/h2>\n\t<p>La misi\u00f3n de AbogadoDeNegocios.com es simple pero profunda: capacitar a las empresas de todos los tama\u00f1os para alcanzar sus objetivos con soluciones legales proactivas y basadas en resultados.<\/p>\n<p>Imaginamos un mundo en el que las empresas puedan perseguir su crecimiento con confianza, sin temor a que los obst\u00e1culos legales las frenen. Mediante la prestaci\u00f3n de servicios integrales y personalizados, apoyamos a nuestros clientes en la consecuci\u00f3n de sus objetivos al tiempo que garantizamos su \u00e9xito a largo plazo.<\/p>\n\t\t\t\t<img decoding=\"async\" src=\"https:\/\/mistyrose-lark-626441.hostingersite.com\/wp-content\/uploads\/2025\/06\/law-trm.jpg\" alt=\"law-trm\" itemprop=\"image\" title=\"law-trm\" onerror=\"this.style.display='none'\" loading=\"lazy\">\n<h3>\n\t\t\tProteger. Progresar. Prosperar.\t<\/h3>\n\t<h2>Our  Values<\/h2>\n\t<p>Nuestro trabajo se gu\u00eda por una serie de valores fundamentales que reflejan nuestro compromiso con los clientes, la excelencia y las pr\u00e1cticas \u00e9ticas:<\/p>\n\t\t<ul>\n\t\t\t\t\t<li>\n\t\t\t\t<h4>Excelencia<\/h4>\n\t\t<p>Nos esforzamos constantemente por superar las expectativas prestando servicios jur\u00eddicos de la m\u00e1xima calidad.<\/p>\t\t\t\n\t\t\t<\/li>\n\t\t\t\t<\/ul>\n\t\t<ul>\n\t\t\t\t\t<li>\n\t\t\t\t<h4>Integridad<\/h4>\n\t\t<p>Creemos en la transparencia y la honestidad, y nos esforzamos por generar confianza mediante una comunicaci\u00f3n abierta y pr\u00e1cticas \u00e9ticas.<\/p>\n\t\t\t<\/li>\n\t\t\t\t<\/ul>\n\t\t<ul>\n\t\t\t\t\t<li>\n\t\t\t\t<h4>Colaboraci\u00f3n<\/h4>\n\t\t<p>Trabajando juntos y aprovechando el talento de nuestro equipo, conseguimos los mejores resultados para nuestros clientes.<\/p>\n\t\t\t<\/li>\n\t\t\t\t<\/ul>\n\t\t<ul>\n\t\t\t\t\t<li>\n\t\t\t\t<h4>Enfoque centrado en el cliente<\/h4>\n\t\t<p>Nuestros clientes est\u00e1n en el centro de todo lo que hacemos. Nos centramos en sus objetivos, retos y \u00e9xito final.<\/p>\n\t\t\t<\/li>\n\t\t\t\t<\/ul>\n\t\t<ul>\n\t\t\t\t\t<li>\n\t\t\t\t<h4>Diversidad e inclusi\u00f3n<\/h4>\n\t\t<p>Celebramos la diversidad y fomentamos un entorno integrador en el que se valoran todas las perspectivas.<\/p>\n\t\t\t<\/li>\n\t\t\t\t<\/ul>\n\t<h2>Connect With Us<br>\n<\/h2>\n\t<p>AbogadoDeNegocios.com est\u00e1 aqu\u00ed para ayudar a su negocio a tener \u00e9xito en cada paso del camino. P\u00f3ngase en contacto con nosotros hoy mismo para obtener m\u00e1s informaci\u00f3n sobre c\u00f3mo podemos proteger su negocio, minimizar los riesgos y apoyar el crecimiento estrat\u00e9gico.<\/p>\n\t\t\t<a href=\"#open-my-modal\" target=\"_self\">\n\t\t\t\t\t\t\tProgramar Consulta Gratuita\n\t\t\t\t\t<\/a>\n\n<\/body>","protected":false},"excerpt":{"rendered":"<p>About us Home \u00bb About Milan About Milan BestBusinessLawyer.com is a nationally recognized business law firm with deep roots in California and Nevada\u2019s business communities. We are dedicated to safeguarding our client businesses\u2019 legal foundations, minimizing risks, and supporting business growth with strategic guidance. Part of this commitment includes staying ahead of the constantly evolving&hellip;<\/p>","protected":false},"author":2,"featured_media":0,"parent":0,"menu_order":0,"comment_status":"closed","ping_status":"closed","template":"","meta":{"nf_dc_page":"","footnotes":""},"class_list":["post-824","page","type-page","status-publish","hentry"],"yoast_head":"<!-- This site is optimized with the Yoast SEO plugin v25.9 - https:\/\/yoast.com\/wordpress\/plugins\/seo\/ -->\n<title>BestBusinessLawyer.com | About Us<\/title>\n<meta name=\"description\" content=\"BestBusinessLawyer.com is a premier business law firm serving California and Nevada. We safeguard businesses, minimize risks, close deals, and ensure growth.\" \/>\n<meta name=\"robots\" content=\"noindex, follow, max-snippet:-1, max-image-preview:large, max-video-preview:-1\" \/>\n<meta property=\"og:locale\" content=\"es_ES\" \/>\n<meta property=\"og:type\" content=\"article\" \/>\n<meta property=\"og:title\" content=\"BestBusinessLawyer.com | About Us\" \/>\n<meta property=\"og:description\" content=\"BestBusinessLawyer.com is a premier business law firm serving California and Nevada. We safeguard businesses, minimize risks, close deals, and ensure growth.\" \/>\n<meta property=\"og:url\" content=\"https:\/\/law.stagingport.com\/es\/about-milan\/\" \/>\n<meta property=\"og:site_name\" content=\"Best Business Lawyer\" \/>\n<meta property=\"article:modified_time\" content=\"2025-09-17T07:02:08+00:00\" \/>\n<meta property=\"og:image\" content=\"https:\/\/mistyrose-lark-626441.hostingersite.com\/wp-content\/uploads\/2025\/06\/milan-c-1.jpg\" \/>\n<meta name=\"twitter:card\" content=\"summary_large_image\" \/>\n<meta name=\"twitter:label1\" content=\"Tiempo de lectura\" \/>\n\t<meta name=\"twitter:data1\" content=\"6 minutos\" \/>\n<script type=\"application\/ld+json\" class=\"yoast-schema-graph\">{\"@context\":\"https:\/\/schema.org\",\"@graph\":[{\"@type\":\"WebPage\",\"@id\":\"https:\/\/law.stagingport.com\/about-milan\/\",\"url\":\"https:\/\/law.stagingport.com\/about-milan\/\",\"name\":\"BestBusinessLawyer.com | About Us\",\"isPartOf\":{\"@id\":\"https:\/\/mistyrose-lark-626441.hostingersite.com\/#website\"},\"primaryImageOfPage\":{\"@id\":\"https:\/\/law.stagingport.com\/about-milan\/#primaryimage\"},\"image\":{\"@id\":\"https:\/\/law.stagingport.com\/about-milan\/#primaryimage\"},\"thumbnailUrl\":\"https:\/\/mistyrose-lark-626441.hostingersite.com\/wp-content\/uploads\/2025\/06\/milan-c-1.jpg\",\"datePublished\":\"2024-06-24T05:35:36+00:00\",\"dateModified\":\"2025-09-17T07:02:08+00:00\",\"description\":\"BestBusinessLawyer.com is a premier business law firm serving California and Nevada. We safeguard businesses, minimize risks, close deals, and ensure growth.\",\"breadcrumb\":{\"@id\":\"https:\/\/law.stagingport.com\/about-milan\/#breadcrumb\"},\"inLanguage\":\"es\",\"potentialAction\":[{\"@type\":\"ReadAction\",\"target\":[\"https:\/\/law.stagingport.com\/about-milan\/\"]}]},{\"@type\":\"ImageObject\",\"inLanguage\":\"es\",\"@id\":\"https:\/\/law.stagingport.com\/about-milan\/#primaryimage\",\"url\":\"https:\/\/mistyrose-lark-626441.hostingersite.com\/wp-content\/uploads\/2025\/06\/milan-c-1.jpg\",\"contentUrl\":\"https:\/\/mistyrose-lark-626441.hostingersite.com\/wp-content\/uploads\/2025\/06\/milan-c-1.jpg\"},{\"@type\":\"BreadcrumbList\",\"@id\":\"https:\/\/law.stagingport.com\/about-milan\/#breadcrumb\",\"itemListElement\":[{\"@type\":\"ListItem\",\"position\":1,\"name\":\"Home\",\"item\":\"https:\/\/law.stagingport.com\/\"},{\"@type\":\"ListItem\",\"position\":2,\"name\":\"About Milan\"}]},{\"@type\":\"WebSite\",\"@id\":\"https:\/\/mistyrose-lark-626441.hostingersite.com\/#website\",\"url\":\"https:\/\/mistyrose-lark-626441.hostingersite.com\/\",\"name\":\"BestHOALawyer\",\"description\":\"\",\"publisher\":{\"@id\":\"https:\/\/mistyrose-lark-626441.hostingersite.com\/#organization\"},\"potentialAction\":[{\"@type\":\"SearchAction\",\"target\":{\"@type\":\"EntryPoint\",\"urlTemplate\":\"https:\/\/mistyrose-lark-626441.hostingersite.com\/?s={search_term_string}\"},\"query-input\":{\"@type\":\"PropertyValueSpecification\",\"valueRequired\":true,\"valueName\":\"search_term_string\"}}],\"inLanguage\":\"es\"},{\"@type\":\"Organization\",\"@id\":\"https:\/\/mistyrose-lark-626441.hostingersite.com\/#organization\",\"name\":\"BestHOALawyer\",\"url\":\"https:\/\/mistyrose-lark-626441.hostingersite.com\/\",\"logo\":{\"@type\":\"ImageObject\",\"inLanguage\":\"es\",\"@id\":\"https:\/\/mistyrose-lark-626441.hostingersite.com\/#\/schema\/logo\/image\/\",\"url\":\"https:\/\/mistyrose-lark-626441.hostingersite.com\/wp-content\/uploads\/2024\/07\/cropped-bestHOALawyer-favicon-img-1.webp\",\"contentUrl\":\"https:\/\/mistyrose-lark-626441.hostingersite.com\/wp-content\/uploads\/2024\/07\/cropped-bestHOALawyer-favicon-img-1.webp\",\"width\":512,\"height\":512,\"caption\":\"BestHOALawyer\"},\"image\":{\"@id\":\"https:\/\/mistyrose-lark-626441.hostingersite.com\/#\/schema\/logo\/image\/\"}}]}<\/script>\n<!-- \/ Yoast SEO plugin. -->","yoast_head_json":{"title":"BestBusinessLawyer.com | About Us","description":"BestBusinessLawyer.com is a premier business law firm serving California and Nevada. We safeguard businesses, minimize risks, close deals, and ensure growth.","robots":{"index":"noindex","follow":"follow","max-snippet":"max-snippet:-1","max-image-preview":"max-image-preview:large","max-video-preview":"max-video-preview:-1"},"og_locale":"es_ES","og_type":"article","og_title":"BestBusinessLawyer.com | About Us","og_description":"BestBusinessLawyer.com is a premier business law firm serving California and Nevada. We safeguard businesses, minimize risks, close deals, and ensure growth.","og_url":"https:\/\/law.stagingport.com\/es\/about-milan\/","og_site_name":"Best Business Lawyer","article_modified_time":"2025-09-17T07:02:08+00:00","og_image":[{"url":"https:\/\/mistyrose-lark-626441.hostingersite.com\/wp-content\/uploads\/2025\/06\/milan-c-1.jpg","type":"","width":"","height":""}],"twitter_card":"summary_large_image","twitter_misc":{"Tiempo de lectura":"6 minutos"},"schema":{"@context":"https:\/\/schema.org","@graph":[{"@type":"WebPage","@id":"https:\/\/law.stagingport.com\/about-milan\/","url":"https:\/\/law.stagingport.com\/about-milan\/","name":"BestBusinessLawyer.com | About Us","isPartOf":{"@id":"https:\/\/mistyrose-lark-626441.hostingersite.com\/#website"},"primaryImageOfPage":{"@id":"https:\/\/law.stagingport.com\/about-milan\/#primaryimage"},"image":{"@id":"https:\/\/law.stagingport.com\/about-milan\/#primaryimage"},"thumbnailUrl":"https:\/\/mistyrose-lark-626441.hostingersite.com\/wp-content\/uploads\/2025\/06\/milan-c-1.jpg","datePublished":"2024-06-24T05:35:36+00:00","dateModified":"2025-09-17T07:02:08+00:00","description":"BestBusinessLawyer.com is a premier business law firm serving California and Nevada. We safeguard businesses, minimize risks, close deals, and ensure growth.","breadcrumb":{"@id":"https:\/\/law.stagingport.com\/about-milan\/#breadcrumb"},"inLanguage":"es","potentialAction":[{"@type":"ReadAction","target":["https:\/\/law.stagingport.com\/about-milan\/"]}]},{"@type":"ImageObject","inLanguage":"es","@id":"https:\/\/law.stagingport.com\/about-milan\/#primaryimage","url":"https:\/\/mistyrose-lark-626441.hostingersite.com\/wp-content\/uploads\/2025\/06\/milan-c-1.jpg","contentUrl":"https:\/\/mistyrose-lark-626441.hostingersite.com\/wp-content\/uploads\/2025\/06\/milan-c-1.jpg"},{"@type":"BreadcrumbList","@id":"https:\/\/law.stagingport.com\/about-milan\/#breadcrumb","itemListElement":[{"@type":"ListItem","position":1,"name":"Home","item":"https:\/\/law.stagingport.com\/"},{"@type":"ListItem","position":2,"name":"About Milan"}]},{"@type":"WebSite","@id":"https:\/\/mistyrose-lark-626441.hostingersite.com\/#website","url":"https:\/\/mistyrose-lark-626441.hostingersite.com\/","name":"BestHOALawyer","description":"","publisher":{"@id":"https:\/\/mistyrose-lark-626441.hostingersite.com\/#organization"},"potentialAction":[{"@type":"SearchAction","target":{"@type":"EntryPoint","urlTemplate":"https:\/\/mistyrose-lark-626441.hostingersite.com\/?s={search_term_string}"},"query-input":{"@type":"PropertyValueSpecification","valueRequired":true,"valueName":"search_term_string"}}],"inLanguage":"es"},{"@type":"Organization","@id":"https:\/\/mistyrose-lark-626441.hostingersite.com\/#organization","name":"BestHOALawyer","url":"https:\/\/mistyrose-lark-626441.hostingersite.com\/","logo":{"@type":"ImageObject","inLanguage":"es","@id":"https:\/\/mistyrose-lark-626441.hostingersite.com\/#\/schema\/logo\/image\/","url":"https:\/\/mistyrose-lark-626441.hostingersite.com\/wp-content\/uploads\/2024\/07\/cropped-bestHOALawyer-favicon-img-1.webp","contentUrl":"https:\/\/mistyrose-lark-626441.hostingersite.com\/wp-content\/uploads\/2024\/07\/cropped-bestHOALawyer-favicon-img-1.webp","width":512,"height":512,"caption":"BestHOALawyer"},"image":{"@id":"https:\/\/mistyrose-lark-626441.hostingersite.com\/#\/schema\/logo\/image\/"}}]}},"_links":{"self":[{"href":"https:\/\/law.stagingport.com\/es\/wp-json\/wp\/v2\/pages\/824","targetHints":{"allow":["GET"]}}],"collection":[{"href":"https:\/\/law.stagingport.com\/es\/wp-json\/wp\/v2\/pages"}],"about":[{"href":"https:\/\/law.stagingport.com\/es\/wp-json\/wp\/v2\/types\/page"}],"author":[{"embeddable":true,"href":"https:\/\/law.stagingport.com\/es\/wp-json\/wp\/v2\/users\/2"}],"replies":[{"embeddable":true,"href":"https:\/\/law.stagingport.com\/es\/wp-json\/wp\/v2\/comments?post=824"}],"version-history":[{"count":71,"href":"https:\/\/law.stagingport.com\/es\/wp-json\/wp\/v2\/pages\/824\/revisions"}],"predecessor-version":[{"id":4512,"href":"https:\/\/law.stagingport.com\/es\/wp-json\/wp\/v2\/pages\/824\/revisions\/4512"}],"wp:attachment":[{"href":"https:\/\/law.stagingport.com\/es\/wp-json\/wp\/v2\/media?parent=824"}],"curies":[{"name":"wp","href":"https:\/\/api.w.org\/{rel}","templated":true}]}}